{"id":24,"date":"2022-01-13T11:32:00","date_gmt":"2022-01-13T10:32:00","guid":{"rendered":"http:\/\/www.fge-dko.com\/?page_id=24"},"modified":"2022-03-15T11:23:01","modified_gmt":"2022-03-15T10:23:01","slug":"site-atypique-pour-photos","status":"publish","type":"page","link":"https:\/\/www.fge-dko.com\/?page_id=24","title":{"rendered":"Site Atypique"},"content":{"rendered":"\r\n<p style=\"text-align: center;\">Vous \u00eates photographe professionnel ,cin\u00e9aste, peintre , dessinateur&#8230;<\/p>\r\n<p style=\"text-align: center;\">. Vous recherchez un site en pleine nature, sans aucuns \u00e9l\u00e9ments g\u00eanants pour votre cadrage.<\/p>\r\n<p>\r\n\r\n<\/p>\r\n<p class=\"has-text-align-center has-black-color has-cyan-bluish-gray-background-color has-text-color has-background has-medium-font-size\">Les Jardins du Moulin de NANTEUILLET, vous ouvrent leurs portes:<\/p>\r\n<p>\r\n\r\n<\/p>\r\n<p>&nbsp;<\/p>\r\n<p>\r\n\r\n<\/p>\r\n<p style=\"text-align: center;\">Vous d\u00e9couvrirez tout au long de votre promenade: ponts, passerelles, fontaine en b\u00e9ton imitation bois.<\/p>\r\n<p>\r\n\r\n<\/p>\r\n<p style=\"text-align: center;\">Un fond de verdure , des fleurs, des roses, un \u00e9tang ajouteront de la couleur \u00e0 l&rsquo;ensemble .<\/p>\r\n<p>\r\n\r\n<\/p>\r\n<figure class=\"wp-container-2 wp-block-gallery-1 wp-block-gallery has-nested-images columns-default is-cropped\">\r\n<figure class=\"wp-block-image size-large\"><img loading=\"lazy\" data-id=\"25\"  class=\"alignnone wp-image-25\" src=\"http:\/\/www.fge-dko.com\/wp-content\/uploads\/2022\/01\/DSC02964-1024x685.jpg\" alt=\"les jardins de Nanteuillet\" width=\"1024\" height=\"685\" srcset=\"https:\/\/www.fge-dko.com\/wp-content\/uploads\/2022\/01\/DSC02964-1024x685.jpg 1024w, https:\/\/www.fge-dko.com\/wp-content\/uploads\/2022\/01\/DSC02964-300x201.jpg 300w, https:\/\/www.fge-dko.com\/wp-content\/uploads\/2022\/01\/DSC02964-768x514.jpg 768w, https:\/\/www.fge-dko.com\/wp-content\/uploads\/2022\/01\/DSC02964-1536x1028.jpg 1536w, https:\/\/www.fge-dko.com\/wp-content\/uploads\/2022\/01\/DSC02964-2048x1371.jpg 2048w, https:\/\/www.fge-dko.com\/wp-content\/uploads\/2022\/01\/DSC02964-640x428.jpg 640w\" sizes=\"(max-width: 1024px) 100vw, 1024px\" \/>\r\n<figcaption>SONY DSC<\/figcaption>\r\n<\/figure>\r\n\r\n\r\n\r\n<figure class=\"wp-block-image size-large\"><img loading=\"lazy\" data-id=\"27\"  class=\"alignnone wp-image-27\" src=\"http:\/\/www.fge-dko.com\/wp-content\/uploads\/2022\/01\/IMG_5658-1024x683.jpg\" alt=\"les jardins de nanteuillet\" width=\"1024\" height=\"683\" srcset=\"https:\/\/www.fge-dko.com\/wp-content\/uploads\/2022\/01\/IMG_5658-1024x683.jpg 1024w, https:\/\/www.fge-dko.com\/wp-content\/uploads\/2022\/01\/IMG_5658-300x200.jpg 300w, https:\/\/www.fge-dko.com\/wp-content\/uploads\/2022\/01\/IMG_5658-768x512.jpg 768w, https:\/\/www.fge-dko.com\/wp-content\/uploads\/2022\/01\/IMG_5658-1536x1024.jpg 1536w, https:\/\/www.fge-dko.com\/wp-content\/uploads\/2022\/01\/IMG_5658-2048x1365.jpg 2048w, https:\/\/www.fge-dko.com\/wp-content\/uploads\/2022\/01\/IMG_5658-1800x1200.jpg 1800w, https:\/\/www.fge-dko.com\/wp-content\/uploads\/2022\/01\/IMG_5658-640x427.jpg 640w\" sizes=\"(max-width: 1024px) 100vw, 1024px\" \/><\/figure>\r\n<\/figure>\r\n<p>\r\n\r\n<\/p>\r\n<figure class=\"wp-container-4 wp-block-gallery-3 wp-block-gallery has-nested-images columns-default is-cropped\">\r\n<figure class=\"wp-block-image size-large\"><img loading=\"lazy\" data-id=\"108\"  class=\"wp-image-108 alignleft\" src=\"http:\/\/www.fge-dko.com\/wp-content\/uploads\/2022\/01\/pieddetablesite.jpg\" alt=\"les jardins de nanteuillet\" width=\"400\" height=\"400\" srcset=\"https:\/\/www.fge-dko.com\/wp-content\/uploads\/2022\/01\/pieddetablesite.jpg 400w, https:\/\/www.fge-dko.com\/wp-content\/uploads\/2022\/01\/pieddetablesite-300x300.jpg 300w, https:\/\/www.fge-dko.com\/wp-content\/uploads\/2022\/01\/pieddetablesite-150x150.jpg 150w\" sizes=\"(max-width: 400px) 100vw, 400px\" \/><\/figure>\r\n\r\n\r\n\r\n<figure class=\"wp-block-image size-large\"><img loading=\"lazy\" data-id=\"113\"  class=\"alignnone wp-image-113\" src=\"http:\/\/www.fge-dko.com\/wp-content\/uploads\/2022\/01\/pontneigesite.jpg\" alt=\"les jardins de Nanteuillet\" width=\"400\" height=\"400\" srcset=\"https:\/\/www.fge-dko.com\/wp-content\/uploads\/2022\/01\/pontneigesite.jpg 400w, https:\/\/www.fge-dko.com\/wp-content\/uploads\/2022\/01\/pontneigesite-300x300.jpg 300w, https:\/\/www.fge-dko.com\/wp-content\/uploads\/2022\/01\/pontneigesite-150x150.jpg 150w\" sizes=\"(max-width: 400px) 100vw, 400px\" \/><\/figure>\r\n\r\n\r\n\r\n<figure class=\"wp-block-image size-large\"><img loading=\"lazy\" data-id=\"115\"  class=\"alignnone wp-image-115\" src=\"http:\/\/www.fge-dko.com\/wp-content\/uploads\/2022\/01\/roseraie-site.jpg\" alt=\"les jardins de Nanteuillet\" width=\"400\" height=\"400\" srcset=\"https:\/\/www.fge-dko.com\/wp-content\/uploads\/2022\/01\/roseraie-site.jpg 400w, https:\/\/www.fge-dko.com\/wp-content\/uploads\/2022\/01\/roseraie-site-300x300.jpg 300w, https:\/\/www.fge-dko.com\/wp-content\/uploads\/2022\/01\/roseraie-site-150x150.jpg 150w\" sizes=\"(max-width: 400px) 100vw, 400px\" \/><\/figure>\r\n<\/figure>\r\n<p>\r\n\r\n<div class=\"is-default-size aligncenter wp-block-site-logo\">\n<style>\n.custom-logo {\n\theight: 103px;\n\tmax-height: 180px;\n\tmax-width: 400px;\n\twidth: 103px;\n}\n<\/style><a href=\"https:\/\/www.fge-dko.com\/\" class=\"custom-logo-link\" rel=\"home\"><img loading=\"lazy\" width=\"158\" height=\"158\" src=\"https:\/\/www.fge-dko.com\/wp-content\/uploads\/2022\/02\/cropped-Logo-fgedKO.png\" class=\"custom-logo\" alt=\"Vitrine -Evenementiel-Formation\" srcset=\"https:\/\/www.fge-dko.com\/wp-content\/uploads\/2022\/02\/cropped-Logo-fgedKO.png 158w, https:\/\/www.fge-dko.com\/wp-content\/uploads\/2022\/02\/cropped-Logo-fgedKO-150x150.png 150w\" sizes=\"(max-width: 158px) 100vw, 158px\" \/><\/a><\/div>\r\n\r\n<\/p>\r\n<p class=\"has-text-align-center has-white-color has-black-background-color has-text-color has-background\">Florence GUEGAN 06 33 75 15 64. fbguegan@dko-formation.com<\/p>\r\n<p><\/p>","protected":false},"excerpt":{"rendered":"<p>Vous \u00eates photographe professionnel ,cin\u00e9aste, peintre , dessinateur&#8230; . Vous recherchez un site en pleine nature, sans aucuns \u00e9l\u00e9ments g\u00eanants pour votre cadrage. Les Jardins du Moulin de NANTEUILLET, vous ouvrent leurs portes: &nbsp; Vous d\u00e9couvrirez tout au long de votre promenade: ponts, passerelles,&#8230;<\/p>\n","protected":false},"author":1,"featured_media":0,"parent":0,"menu_order":0,"comment_status":"closed","ping_status":"closed","template":"","meta":{"_monsterinsights_skip_tracking":false,"_monsterinsights_sitenote_active":false,"_monsterinsights_sitenote_note":"","_monsterinsights_sitenote_category":0},"uagb_featured_image_src":{"full":false,"thumbnail":false,"medium":false,"medium_large":false,"large":false,"1536x1536":false,"2048x2048":false,"natural-lite-featured-large":false,"natural-lite-featured-medium":false,"natural-lite-featured-small":false},"uagb_author_info":{"display_name":"admin9921","author_link":"https:\/\/www.fge-dko.com\/?author=1"},"uagb_comment_info":0,"uagb_excerpt":"Vous \u00eates photographe professionnel ,cin\u00e9aste, peintre , dessinateur&#8230; . Vous recherchez un site en pleine nature, sans aucuns \u00e9l\u00e9ments g\u00eanants pour votre cadrage. Les Jardins du Moulin de NANTEUILLET, vous ouvrent leurs portes: &nbsp; Vous d\u00e9couvrirez tout au long de votre promenade: ponts, passerelles,...","_links":{"self":[{"href":"https:\/\/www.fge-dko.com\/index.php?rest_route=\/wp\/v2\/pages\/24"}],"collection":[{"href":"https:\/\/www.fge-dko.com\/index.php?rest_route=\/wp\/v2\/pages"}],"about":[{"href":"https:\/\/www.fge-dko.com\/index.php?rest_route=\/wp\/v2\/types\/page"}],"author":[{"embeddable":true,"href":"https:\/\/www.fge-dko.com\/index.php?rest_route=\/wp\/v2\/users\/1"}],"replies":[{"embeddable":true,"href":"https:\/\/www.fge-dko.com\/index.php?rest_route=%2Fwp%2Fv2%2Fcomments&post=24"}],"version-history":[{"count":13,"href":"https:\/\/www.fge-dko.com\/index.php?rest_route=\/wp\/v2\/pages\/24\/revisions"}],"predecessor-version":[{"id":275,"href":"https:\/\/www.fge-dko.com\/index.php?rest_route=\/wp\/v2\/pages\/24\/revisions\/275"}],"wp:attachment":[{"href":"https:\/\/www.fge-dko.com\/index.php?rest_route=%2Fwp%2Fv2%2Fmedia&parent=24"}],"curies":[{"name":"wp","href":"https:\/\/api.w.org\/{rel}","templated":true}]}}