{"id":21,"date":"2022-01-05T11:33:09","date_gmt":"2022-01-05T10:33:09","guid":{"rendered":"http:\/\/www.fge-dko.com\/?page_id=21"},"modified":"2022-02-25T11:31:25","modified_gmt":"2022-02-25T10:31:25","slug":"designer-visual-merchandiser","status":"publish","type":"page","link":"https:\/\/www.fge-dko.com\/?page_id=21","title":{"rendered":"D\u00e9coratrice -Etalagiste"},"content":{"rendered":"\r\n<p style=\"text-align: center;\"><strong>R\u00e9aliser un \u00e9talage, une vitrine, c&rsquo;est savoir capter les objets <\/strong><\/p>\r\n<p style=\"text-align: center;\"><strong>et les placer dans l&rsquo;espace de pr\u00e9sentation avec harmonie, ordre et discipline.<\/strong><\/p>\r\n<p>\r\n\r\n<\/p>\r\n<p style=\"text-align: center;\">La seule finalit\u00e9 de la vitrine, c&rsquo;est la vente et l&rsquo;augmentation de votre CA.<\/p>\r\n<p>\r\n\r\n<\/p>\r\n<p style=\"text-align: center;\">Pour cela, il existe des r\u00e8gles indispensables \u00e0 savoir maitriser .<\/p>\r\n<p>\r\n\r\n<\/p>\r\n<p style=\"text-align: center;\">Un professionnel peut vous apporter son exp\u00e9rience au sein de votre magasin, de votre stand<\/p>\r\n<p style=\"text-align: center;\">afin de cr\u00e9er des vitrines percutantes, dynamiques, accrocheuses.<\/p>\r\n<p>\r\n\r\n<\/p>\r\n<p>&nbsp;<\/p>\r\n<p>\r\n\r\n<\/p>\r\n<figure class=\"wp-container-2 wp-block-gallery-1 wp-block-gallery has-nested-images columns-default is-cropped\">\r\n<figure class=\"wp-block-image size-large\"><img loading=\"lazy\" width=\"800\" height=\"600\" data-id=\"44\"  class=\"wp-image-44\" src=\"http:\/\/www.fge-dko.com\/wp-content\/uploads\/2022\/01\/noel-lambert.jpg\" alt=\"vitrine optique\" srcset=\"https:\/\/www.fge-dko.com\/wp-content\/uploads\/2022\/01\/noel-lambert.jpg 800w, https:\/\/www.fge-dko.com\/wp-content\/uploads\/2022\/01\/noel-lambert-300x225.jpg 300w, https:\/\/www.fge-dko.com\/wp-content\/uploads\/2022\/01\/noel-lambert-768x576.jpg 768w, https:\/\/www.fge-dko.com\/wp-content\/uploads\/2022\/01\/noel-lambert-640x480.jpg 640w\" sizes=\"(max-width: 800px) 100vw, 800px\" \/><\/figure>\r\n\r\n\r\n\r\n<figure class=\"wp-block-image size-large\"><img loading=\"lazy\" width=\"800\" height=\"600\" data-id=\"45\"  class=\"wp-image-45\" src=\"http:\/\/www.fge-dko.com\/wp-content\/uploads\/2022\/01\/optique-bouee-site.jpg\" alt=\"vitrine optique\" srcset=\"https:\/\/www.fge-dko.com\/wp-content\/uploads\/2022\/01\/optique-bouee-site.jpg 800w, https:\/\/www.fge-dko.com\/wp-content\/uploads\/2022\/01\/optique-bouee-site-300x225.jpg 300w, https:\/\/www.fge-dko.com\/wp-content\/uploads\/2022\/01\/optique-bouee-site-768x576.jpg 768w, https:\/\/www.fge-dko.com\/wp-content\/uploads\/2022\/01\/optique-bouee-site-640x480.jpg 640w\" sizes=\"(max-width: 800px) 100vw, 800px\" \/><\/figure>\r\n\r\n\r\n\r\n<figure class=\"wp-block-image size-large\"><img loading=\"lazy\" width=\"1024\" height=\"768\" data-id=\"46\"  class=\"wp-image-46\" src=\"http:\/\/www.fge-dko.com\/wp-content\/uploads\/2022\/01\/P1000769-copie.jpg\" alt=\"vitrine optique\" srcset=\"https:\/\/www.fge-dko.com\/wp-content\/uploads\/2022\/01\/P1000769-copie.jpg 1024w, https:\/\/www.fge-dko.com\/wp-content\/uploads\/2022\/01\/P1000769-copie-300x225.jpg 300w, https:\/\/www.fge-dko.com\/wp-content\/uploads\/2022\/01\/P1000769-copie-768x576.jpg 768w, https:\/\/www.fge-dko.com\/wp-content\/uploads\/2022\/01\/P1000769-copie-640x480.jpg 640w\" sizes=\"(max-width: 1024px) 100vw, 1024px\" \/><\/figure>\r\n\r\n\r\n\r\n<figure class=\"wp-block-image size-large\"><img loading=\"lazy\" width=\"300\" height=\"400\" data-id=\"76\"  class=\"wp-image-76\" src=\"http:\/\/www.fge-dko.com\/wp-content\/uploads\/2022\/01\/chaise-site.jpg\" alt=\"vitrine optique\" srcset=\"https:\/\/www.fge-dko.com\/wp-content\/uploads\/2022\/01\/chaise-site.jpg 300w, https:\/\/www.fge-dko.com\/wp-content\/uploads\/2022\/01\/chaise-site-225x300.jpg 225w\" sizes=\"(max-width: 300px) 100vw, 300px\" \/><\/figure>\r\n\r\n\r\n\r\n<figure class=\"wp-block-image size-large\"><img loading=\"lazy\" width=\"1024\" height=\"768\" data-id=\"77\"  class=\"wp-image-77\" src=\"http:\/\/www.fge-dko.com\/wp-content\/uploads\/2022\/01\/IMG_1337-copie.jpg\" alt=\"vitrine optique\" srcset=\"https:\/\/www.fge-dko.com\/wp-content\/uploads\/2022\/01\/IMG_1337-copie.jpg 1024w, https:\/\/www.fge-dko.com\/wp-content\/uploads\/2022\/01\/IMG_1337-copie-300x225.jpg 300w, https:\/\/www.fge-dko.com\/wp-content\/uploads\/2022\/01\/IMG_1337-copie-768x576.jpg 768w, https:\/\/www.fge-dko.com\/wp-content\/uploads\/2022\/01\/IMG_1337-copie-640x480.jpg 640w\" sizes=\"(max-width: 1024px) 100vw, 1024px\" \/><\/figure>\r\n<\/figure>\r\n<p>\r\n\r\n<\/p>\r\n<figure class=\"wp-container-4 wp-block-gallery-3 wp-block-gallery has-nested-images columns-default is-cropped\">\r\n<figure class=\"wp-block-image size-large is-style-rounded\"><img loading=\"lazy\" width=\"1024\" height=\"768\" data-id=\"150\"  class=\"wp-image-150\" src=\"http:\/\/www.fge-dko.com\/wp-content\/uploads\/2022\/01\/IMG_2595-1.jpg\" alt=\"vitrine etalage\" srcset=\"https:\/\/www.fge-dko.com\/wp-content\/uploads\/2022\/01\/IMG_2595-1.jpg 1024w, https:\/\/www.fge-dko.com\/wp-content\/uploads\/2022\/01\/IMG_2595-1-300x225.jpg 300w, https:\/\/www.fge-dko.com\/wp-content\/uploads\/2022\/01\/IMG_2595-1-768x576.jpg 768w, https:\/\/www.fge-dko.com\/wp-content\/uploads\/2022\/01\/IMG_2595-1-640x480.jpg 640w\" sizes=\"(max-width: 1024px) 100vw, 1024px\" \/><\/figure>\r\n\r\n\r\n\r\n<figure class=\"wp-block-image size-large is-style-rounded\"><img loading=\"lazy\" width=\"1024\" height=\"768\" data-id=\"151\"  class=\"wp-image-151\" src=\"http:\/\/www.fge-dko.com\/wp-content\/uploads\/2022\/01\/111_1182-copie.jpg\" alt=\"\u00e9talage=vitrine\" srcset=\"https:\/\/www.fge-dko.com\/wp-content\/uploads\/2022\/01\/111_1182-copie.jpg 1024w, https:\/\/www.fge-dko.com\/wp-content\/uploads\/2022\/01\/111_1182-copie-300x225.jpg 300w, https:\/\/www.fge-dko.com\/wp-content\/uploads\/2022\/01\/111_1182-copie-768x576.jpg 768w, https:\/\/www.fge-dko.com\/wp-content\/uploads\/2022\/01\/111_1182-copie-640x480.jpg 640w\" sizes=\"(max-width: 1024px) 100vw, 1024px\" \/><\/figure>\r\n<\/figure>\r\n<p>\r\n\r\n<div class=\"is-default-size aligncenter wp-block-site-logo\">\n<style>\n.custom-logo {\n\theight: 103px;\n\tmax-height: 180px;\n\tmax-width: 400px;\n\twidth: 103px;\n}\n<\/style><a href=\"https:\/\/www.fge-dko.com\/\" class=\"custom-logo-link\" rel=\"home\"><img loading=\"lazy\" width=\"158\" height=\"158\" src=\"https:\/\/www.fge-dko.com\/wp-content\/uploads\/2022\/02\/cropped-Logo-fgedKO.png\" class=\"custom-logo\" alt=\"Vitrine -Evenementiel-Formation\" srcset=\"https:\/\/www.fge-dko.com\/wp-content\/uploads\/2022\/02\/cropped-Logo-fgedKO.png 158w, https:\/\/www.fge-dko.com\/wp-content\/uploads\/2022\/02\/cropped-Logo-fgedKO-150x150.png 150w\" sizes=\"(max-width: 158px) 100vw, 158px\" \/><\/a><\/div>\r\n\r\n<\/p>\r\n<p class=\"has-text-align-center has-white-color has-black-background-color has-text-color has-background\">Florence GUEGAN 06 33 75 15 64 fbguegan@ dko-formation.com<\/p>\r\n<p>Plus de renseignements\u00a0http:\/\/www.dko-formation.com<\/p>\r\n<p class=\"has-text-align-center has-white-color has-black-background-color has-text-color has-background\"><\/p>","protected":false},"excerpt":{"rendered":"<p>R\u00e9aliser un \u00e9talage, une vitrine, c&rsquo;est savoir capter les objets et les placer dans l&rsquo;espace de pr\u00e9sentation avec harmonie, ordre et discipline. La seule finalit\u00e9 de la vitrine, c&rsquo;est la vente et l&rsquo;augmentation de votre CA. Pour cela, il existe des r\u00e8gles indispensables \u00e0&#8230;<\/p>\n","protected":false},"author":1,"featured_media":0,"parent":0,"menu_order":0,"comment_status":"closed","ping_status":"closed","template":"","meta":{"_monsterinsights_skip_tracking":false,"_monsterinsights_sitenote_active":false,"_monsterinsights_sitenote_note":"","_monsterinsights_sitenote_category":0},"uagb_featured_image_src":{"full":false,"thumbnail":false,"medium":false,"medium_large":false,"large":false,"1536x1536":false,"2048x2048":false,"natural-lite-featured-large":false,"natural-lite-featured-medium":false,"natural-lite-featured-small":false},"uagb_author_info":{"display_name":"admin9921","author_link":"https:\/\/www.fge-dko.com\/?author=1"},"uagb_comment_info":0,"uagb_excerpt":"R\u00e9aliser un \u00e9talage, une vitrine, c&rsquo;est savoir capter les objets et les placer dans l&rsquo;espace de pr\u00e9sentation avec harmonie, ordre et discipline. La seule finalit\u00e9 de la vitrine, c&rsquo;est la vente et l&rsquo;augmentation de votre CA. Pour cela, il existe des r\u00e8gles indispensables \u00e0...","_links":{"self":[{"href":"https:\/\/www.fge-dko.com\/index.php?rest_route=\/wp\/v2\/pages\/21"}],"collection":[{"href":"https:\/\/www.fge-dko.com\/index.php?rest_route=\/wp\/v2\/pages"}],"about":[{"href":"https:\/\/www.fge-dko.com\/index.php?rest_route=\/wp\/v2\/types\/page"}],"author":[{"embeddable":true,"href":"https:\/\/www.fge-dko.com\/index.php?rest_route=\/wp\/v2\/users\/1"}],"replies":[{"embeddable":true,"href":"https:\/\/www.fge-dko.com\/index.php?rest_route=%2Fwp%2Fv2%2Fcomments&post=21"}],"version-history":[{"count":15,"href":"https:\/\/www.fge-dko.com\/index.php?rest_route=\/wp\/v2\/pages\/21\/revisions"}],"predecessor-version":[{"id":250,"href":"https:\/\/www.fge-dko.com\/index.php?rest_route=\/wp\/v2\/pages\/21\/revisions\/250"}],"wp:attachment":[{"href":"https:\/\/www.fge-dko.com\/index.php?rest_route=%2Fwp%2Fv2%2Fmedia&parent=21"}],"curies":[{"name":"wp","href":"https:\/\/api.w.org\/{rel}","templated":true}]}}