{"id":2,"date":"2021-11-10T11:26:37","date_gmt":"2021-11-10T10:26:37","guid":{"rendered":"http:\/\/www.fge-dko.com\/?page_id=2"},"modified":"2022-07-09T11:44:03","modified_gmt":"2022-07-09T09:44:03","slug":"page-d-exemple","status":"publish","type":"page","link":"https:\/\/www.fge-dko.com\/","title":{"rendered":"FGE-DKO"},"content":{"rendered":"<p><div class=\"is-default-size aligncenter wp-block-site-logo\">\n<style>\n.custom-logo {\n\theight: 103px;\n\tmax-height: 180px;\n\tmax-width: 400px;\n\twidth: 103px;\n}\n<\/style><a href=\"https:\/\/www.fge-dko.com\/\" class=\"custom-logo-link\" rel=\"home\"><img loading=\"lazy\" width=\"158\" height=\"158\" src=\"https:\/\/www.fge-dko.com\/wp-content\/uploads\/2022\/02\/cropped-Logo-fgedKO.png\" class=\"custom-logo\" alt=\"Vitrine -Evenementiel-Formation\" srcset=\"https:\/\/www.fge-dko.com\/wp-content\/uploads\/2022\/02\/cropped-Logo-fgedKO.png 158w, https:\/\/www.fge-dko.com\/wp-content\/uploads\/2022\/02\/cropped-Logo-fgedKO-150x150.png 150w\" sizes=\"(max-width: 158px) 100vw, 158px\" \/><\/a><\/div><\/p>\r\n<p style=\"text-align: center;\">Vous cherchez \u00a0\u00e0 cr\u00e9er un \u00e9v\u00e9nement, une exposition , un stand,<\/p>\r\n<p style=\"text-align: center;\">Vous cherchez un site pour une r\u00e9union, un \u00e9v\u00e9nement, \u00a0&#8230;&#8230;&#8230;<\/p>\r\n<p style=\"text-align: center;\"><strong>Vous cherchez un professionnel pour orchestrer tout cela:<\/strong><\/p>\r\n<p style=\"text-align: center;\"><strong>\u00a0FGE -DKO<\/strong><\/p>\r\n<p style=\"text-align: center;\">Vous chercher \u00e0 dynamiser votre point de vente par des vitrines attractives et vendeuses afin d&rsquo;augmenter votre CA.<\/p>\r\n<p style=\"text-align: center;\"><strong>Un professionnel vous \u00a0apporte \u00a0son exp\u00e9rience, vous enseigne les diff\u00e9rentes techniques.<\/strong><\/p>\r\n<p style=\"text-align: center;\"><strong>FGE-DKO\u00a0<\/strong><\/p>\r\n<p><img loading=\"lazy\" class=\"size-medium wp-image-129 aligncenter\" src=\"http:\/\/www.fge-dko.com\/wp-content\/uploads\/2022\/01\/IMG_5975-1-300x200.jpg\" alt=\"\" width=\"300\" height=\"200\" srcset=\"https:\/\/www.fge-dko.com\/wp-content\/uploads\/2022\/01\/IMG_5975-1-300x200.jpg 300w, https:\/\/www.fge-dko.com\/wp-content\/uploads\/2022\/01\/IMG_5975-1-1024x683.jpg 1024w, https:\/\/www.fge-dko.com\/wp-content\/uploads\/2022\/01\/IMG_5975-1-768x512.jpg 768w, https:\/\/www.fge-dko.com\/wp-content\/uploads\/2022\/01\/IMG_5975-1-640x427.jpg 640w, https:\/\/www.fge-dko.com\/wp-content\/uploads\/2022\/01\/IMG_5975-1.jpg 1152w\" sizes=\"(max-width: 300px) 100vw, 300px\" \/><\/p>\r\n<p><img loading=\"lazy\" class=\"size-medium wp-image-52 aligncenter\" src=\"http:\/\/www.fge-dko.com\/wp-content\/uploads\/2022\/01\/DSC03204-copie-2-300x201.jpg\" alt=\"\" width=\"300\" height=\"201\" srcset=\"https:\/\/www.fge-dko.com\/wp-content\/uploads\/2022\/01\/DSC03204-copie-2-300x201.jpg 300w, https:\/\/www.fge-dko.com\/wp-content\/uploads\/2022\/01\/DSC03204-copie-2-768x514.jpg 768w, https:\/\/www.fge-dko.com\/wp-content\/uploads\/2022\/01\/DSC03204-copie-2-640x428.jpg 640w, https:\/\/www.fge-dko.com\/wp-content\/uploads\/2022\/01\/DSC03204-copie-2.jpg 1024w\" sizes=\"(max-width: 300px) 100vw, 300px\" \/><\/p>\r\n<p><img loading=\"lazy\" class=\"size-medium wp-image-92 aligncenter\" src=\"http:\/\/www.fge-dko.com\/wp-content\/uploads\/2022\/01\/P1060432-copie-300x225.jpg\" alt=\"\" width=\"300\" height=\"225\" srcset=\"https:\/\/www.fge-dko.com\/wp-content\/uploads\/2022\/01\/P1060432-copie-300x225.jpg 300w, https:\/\/www.fge-dko.com\/wp-content\/uploads\/2022\/01\/P1060432-copie-768x576.jpg 768w, https:\/\/www.fge-dko.com\/wp-content\/uploads\/2022\/01\/P1060432-copie-640x480.jpg 640w, https:\/\/www.fge-dko.com\/wp-content\/uploads\/2022\/01\/P1060432-copie.jpg 1024w\" sizes=\"(max-width: 300px) 100vw, 300px\" \/><\/p>\r\n<p style=\"text-align: center;\"><strong><em>FGE-DKO \u00a0 <\/em><\/strong><\/p>\r\n<p style=\"text-align: center;\"><strong><em>06 33 75 15 64. \u00a0<\/em><\/strong><\/p>\r\n<p style=\"text-align: center;\"><strong><em>fbguegan@dko-formation.com<\/em><\/strong><\/p>\r\n<p>&nbsp;<\/p>\r\n<p>&nbsp;<\/p>\r\n<p>&nbsp;<\/p>\r\n<p>&nbsp;<\/p>\r\n<p>&nbsp;<\/p>","protected":false},"excerpt":{"rendered":"<p>Vous cherchez \u00a0\u00e0 cr\u00e9er un \u00e9v\u00e9nement, une exposition , un stand, Vous cherchez un site pour une r\u00e9union, un \u00e9v\u00e9nement, \u00a0&#8230;&#8230;&#8230; Vous cherchez un professionnel pour orchestrer tout cela: \u00a0FGE -DKO Vous chercher \u00e0 dynamiser votre point de vente par des vitrines attractives et&#8230;<\/p>\n","protected":false},"author":1,"featured_media":0,"parent":0,"menu_order":0,"comment_status":"closed","ping_status":"open","template":"","meta":{"_monsterinsights_skip_tracking":false,"_monsterinsights_sitenote_active":false,"_monsterinsights_sitenote_note":"","_monsterinsights_sitenote_category":0},"uagb_featured_image_src":{"full":false,"thumbnail":false,"medium":false,"medium_large":false,"large":false,"1536x1536":false,"2048x2048":false,"natural-lite-featured-large":false,"natural-lite-featured-medium":false,"natural-lite-featured-small":false},"uagb_author_info":{"display_name":"admin9921","author_link":"https:\/\/www.fge-dko.com\/?author=1"},"uagb_comment_info":1,"uagb_excerpt":"Vous cherchez \u00a0\u00e0 cr\u00e9er un \u00e9v\u00e9nement, une exposition , un stand, Vous cherchez un site pour une r\u00e9union, un \u00e9v\u00e9nement, \u00a0&#8230;&#8230;&#8230; Vous cherchez un professionnel pour orchestrer tout cela: \u00a0FGE -DKO Vous chercher \u00e0 dynamiser votre point de vente par des vitrines attractives et...","_links":{"self":[{"href":"https:\/\/www.fge-dko.com\/index.php?rest_route=\/wp\/v2\/pages\/2"}],"collection":[{"href":"https:\/\/www.fge-dko.com\/index.php?rest_route=\/wp\/v2\/pages"}],"about":[{"href":"https:\/\/www.fge-dko.com\/index.php?rest_route=\/wp\/v2\/types\/page"}],"author":[{"embeddable":true,"href":"https:\/\/www.fge-dko.com\/index.php?rest_route=\/wp\/v2\/users\/1"}],"replies":[{"embeddable":true,"href":"https:\/\/www.fge-dko.com\/index.php?rest_route=%2Fwp%2Fv2%2Fcomments&post=2"}],"version-history":[{"count":29,"href":"https:\/\/www.fge-dko.com\/index.php?rest_route=\/wp\/v2\/pages\/2\/revisions"}],"predecessor-version":[{"id":282,"href":"https:\/\/www.fge-dko.com\/index.php?rest_route=\/wp\/v2\/pages\/2\/revisions\/282"}],"wp:attachment":[{"href":"https:\/\/www.fge-dko.com\/index.php?rest_route=%2Fwp%2Fv2%2Fmedia&parent=2"}],"curies":[{"name":"wp","href":"https:\/\/api.w.org\/{rel}","templated":true}]}}