{"id":18,"date":"2022-01-05T11:56:33","date_gmt":"2022-01-05T10:56:33","guid":{"rendered":"http:\/\/www.fge-dko.com\/?page_id=18"},"modified":"2022-02-18T17:27:47","modified_gmt":"2022-02-18T16:27:47","slug":"creation-evenementiels","status":"publish","type":"page","link":"https:\/\/www.fge-dko.com\/?page_id=18","title":{"rendered":"Designer Ev\u00e8nementiels- Mariage"},"content":{"rendered":"\n<p><p style=\"text-align: center;\"><strong>Vous souhaitez organiser un \u00e9v\u00e9nement pour un anniversaire, une f\u00eate, un d\u00e9part \u00e0 la retraite<\/strong> .<\/p><\/p>\n\n\n\n<p><p style=\"text-align: center;\"><strong>Vous souhaiter des id\u00e9es originales &#8230;,<\/strong><\/p><\/p>\n\n\n\n<p>Faites appel \u00e0 un professionnel qui sera vous \u00e9couter, transcrire vos id\u00e9es afin de concevoir l&rsquo;\u00e9v\u00e9nement que vous attendez tant.<\/p>\n\n\n\n<p>Vous souhaitez faire de votre mariage, un jour unique avec une sc\u00e9nographie qui vous est propre mais vous ne savez comment faire , comment trouver vos accessoires , ne vous inqui\u00e9tez pas on s&rsquo;occupe de tout et le jour J vous n&rsquo;aurez plus qu&rsquo;\u00e0 profiter de ce moment magique avec vos invit\u00e9s.<\/p>\n\n\n\n<figure class=\"wp-container-2 wp-block-gallery-1 wp-block-gallery has-nested-images columns-default is-cropped\">\n<figure class=\"wp-block-image size-large\"><img loading=\"lazy\" width=\"1024\" height=\"683\" data-id=\"82\"  src=\"http:\/\/www.fge-dko.com\/wp-content\/uploads\/2022\/01\/IMG_6068-1024x683.jpg\" alt=\"mise en scene moulin\" class=\"wp-image-82\" srcset=\"https:\/\/www.fge-dko.com\/wp-content\/uploads\/2022\/01\/IMG_6068-1024x683.jpg 1024w, https:\/\/www.fge-dko.com\/wp-content\/uploads\/2022\/01\/IMG_6068-300x200.jpg 300w, https:\/\/www.fge-dko.com\/wp-content\/uploads\/2022\/01\/IMG_6068-768x512.jpg 768w, https:\/\/www.fge-dko.com\/wp-content\/uploads\/2022\/01\/IMG_6068-640x427.jpg 640w, https:\/\/www.fge-dko.com\/wp-content\/uploads\/2022\/01\/IMG_6068.jpg 1152w\" sizes=\"(max-width: 1024px) 100vw, 1024px\" \/><figcaption>SONY DSC<\/figcaption><\/figure>\n\n\n\n<figure class=\"wp-block-image size-full\"><img loading=\"lazy\" width=\"1024\" height=\"768\" data-id=\"92\"  src=\"http:\/\/www.fge-dko.com\/wp-content\/uploads\/2022\/01\/P1060432-copie.jpg\" alt=\"\" class=\"wp-image-92\" srcset=\"https:\/\/www.fge-dko.com\/wp-content\/uploads\/2022\/01\/P1060432-copie.jpg 1024w, https:\/\/www.fge-dko.com\/wp-content\/uploads\/2022\/01\/P1060432-copie-300x225.jpg 300w, https:\/\/www.fge-dko.com\/wp-content\/uploads\/2022\/01\/P1060432-copie-768x576.jpg 768w, https:\/\/www.fge-dko.com\/wp-content\/uploads\/2022\/01\/P1060432-copie-640x480.jpg 640w\" sizes=\"(max-width: 1024px) 100vw, 1024px\" \/><\/figure>\n\n\n\n<figure class=\"wp-block-image size-large\"><img loading=\"lazy\" width=\"800\" height=\"600\" data-id=\"55\"  src=\"http:\/\/www.fge-dko.com\/wp-content\/uploads\/2022\/01\/P1140956-copie.jpg\" alt=\"\" class=\"wp-image-55\" srcset=\"https:\/\/www.fge-dko.com\/wp-content\/uploads\/2022\/01\/P1140956-copie.jpg 800w, https:\/\/www.fge-dko.com\/wp-content\/uploads\/2022\/01\/P1140956-copie-300x225.jpg 300w, https:\/\/www.fge-dko.com\/wp-content\/uploads\/2022\/01\/P1140956-copie-768x576.jpg 768w, https:\/\/www.fge-dko.com\/wp-content\/uploads\/2022\/01\/P1140956-copie-640x480.jpg 640w\" sizes=\"(max-width: 800px) 100vw, 800px\" \/><\/figure>\n\n\n\n<figure class=\"wp-block-image size-large\"><img loading=\"lazy\" width=\"400\" height=\"400\" data-id=\"56\"  class=\"wp-image-56 aligncenter\" src=\"http:\/\/www.fge-dko.com\/wp-content\/uploads\/2022\/01\/velo-site.jpg\" alt=\"\" srcset=\"https:\/\/www.fge-dko.com\/wp-content\/uploads\/2022\/01\/velo-site.jpg 400w, https:\/\/www.fge-dko.com\/wp-content\/uploads\/2022\/01\/velo-site-300x300.jpg 300w, https:\/\/www.fge-dko.com\/wp-content\/uploads\/2022\/01\/velo-site-150x150.jpg 150w\" sizes=\"(max-width: 400px) 100vw, 400px\" \/>\r\n<figcaption>Sc\u00e9nographie pour un jardin class\u00e9 sous le th\u00e8me :\u00a0\u00bb la mode dans un jardin\u00a0\u00bb<\/figcaption>\r\n<\/figure>\n<\/figure>\n\n\n\n<figure class=\"wp-container-4 wp-block-gallery-3 wp-block-gallery has-nested-images columns-default is-cropped\">\n<figure class=\"wp-block-image size-large\"><img loading=\"lazy\" width=\"1024\" height=\"683\" data-id=\"83\"  src=\"http:\/\/www.fge-dko.com\/wp-content\/uploads\/2022\/01\/IMG_3875-1024x683.jpg\" alt=\"\" class=\"wp-image-83\" srcset=\"https:\/\/www.fge-dko.com\/wp-content\/uploads\/2022\/01\/IMG_3875-1024x683.jpg 1024w, https:\/\/www.fge-dko.com\/wp-content\/uploads\/2022\/01\/IMG_3875-300x200.jpg 300w, https:\/\/www.fge-dko.com\/wp-content\/uploads\/2022\/01\/IMG_3875-768x512.jpg 768w, https:\/\/www.fge-dko.com\/wp-content\/uploads\/2022\/01\/IMG_3875-640x427.jpg 640w, https:\/\/www.fge-dko.com\/wp-content\/uploads\/2022\/01\/IMG_3875.jpg 1152w\" sizes=\"(max-width: 1024px) 100vw, 1024px\" \/><\/figure>\n\n\n\n<figure class=\"wp-block-image size-large\"><img loading=\"lazy\" width=\"1024\" height=\"683\" data-id=\"84\"  src=\"http:\/\/www.fge-dko.com\/wp-content\/uploads\/2022\/01\/IMG_5903-1024x683.jpg\" alt=\"\" class=\"wp-image-84\" srcset=\"https:\/\/www.fge-dko.com\/wp-content\/uploads\/2022\/01\/IMG_5903-1024x683.jpg 1024w, https:\/\/www.fge-dko.com\/wp-content\/uploads\/2022\/01\/IMG_5903-300x200.jpg 300w, https:\/\/www.fge-dko.com\/wp-content\/uploads\/2022\/01\/IMG_5903-768x512.jpg 768w, https:\/\/www.fge-dko.com\/wp-content\/uploads\/2022\/01\/IMG_5903-640x427.jpg 640w, https:\/\/www.fge-dko.com\/wp-content\/uploads\/2022\/01\/IMG_5903.jpg 1152w\" sizes=\"(max-width: 1024px) 100vw, 1024px\" \/><\/figure>\n\n\n\n<figure class=\"wp-block-image size-large\"><img loading=\"lazy\" width=\"768\" height=\"1024\" data-id=\"85\"  src=\"http:\/\/www.fge-dko.com\/wp-content\/uploads\/2022\/01\/P1070947-768x1024.jpg\" alt=\"\" class=\"wp-image-85\" srcset=\"https:\/\/www.fge-dko.com\/wp-content\/uploads\/2022\/01\/P1070947-768x1024.jpg 768w, https:\/\/www.fge-dko.com\/wp-content\/uploads\/2022\/01\/P1070947-225x300.jpg 225w, https:\/\/www.fge-dko.com\/wp-content\/uploads\/2022\/01\/P1070947-480x640.jpg 480w, https:\/\/www.fge-dko.com\/wp-content\/uploads\/2022\/01\/P1070947.jpg 1026w\" sizes=\"(max-width: 768px) 100vw, 768px\" \/><\/figure>\n\n\n\n<figure class=\"wp-block-image size-large\"><img loading=\"lazy\" width=\"1024\" height=\"768\" data-id=\"86\"  src=\"http:\/\/www.fge-dko.com\/wp-content\/uploads\/2022\/01\/DSCN7866-1.jpg\" alt=\"\" class=\"wp-image-86\" srcset=\"https:\/\/www.fge-dko.com\/wp-content\/uploads\/2022\/01\/DSCN7866-1.jpg 1024w, https:\/\/www.fge-dko.com\/wp-content\/uploads\/2022\/01\/DSCN7866-1-300x225.jpg 300w, https:\/\/www.fge-dko.com\/wp-content\/uploads\/2022\/01\/DSCN7866-1-768x576.jpg 768w, https:\/\/www.fge-dko.com\/wp-content\/uploads\/2022\/01\/DSCN7866-1-640x480.jpg 640w\" sizes=\"(max-width: 1024px) 100vw, 1024px\" \/><\/figure>\n<\/figure>\n\n\n<div class=\"is-default-size aligncenter wp-block-site-logo\">\n<style>\n.custom-logo {\n\theight: 103px;\n\tmax-height: 180px;\n\tmax-width: 400px;\n\twidth: 103px;\n}\n<\/style><a href=\"https:\/\/www.fge-dko.com\/\" class=\"custom-logo-link\" rel=\"home\"><img loading=\"lazy\" width=\"158\" height=\"158\" src=\"https:\/\/www.fge-dko.com\/wp-content\/uploads\/2022\/02\/cropped-Logo-fgedKO.png\" class=\"custom-logo\" alt=\"Vitrine -Evenementiel-Formation\" srcset=\"https:\/\/www.fge-dko.com\/wp-content\/uploads\/2022\/02\/cropped-Logo-fgedKO.png 158w, https:\/\/www.fge-dko.com\/wp-content\/uploads\/2022\/02\/cropped-Logo-fgedKO-150x150.png 150w\" sizes=\"(max-width: 158px) 100vw, 158px\" \/><\/a><\/div>\n\n\n<p class=\"has-text-align-center\">Florence GUEGAN 06 33 75 15 64. fbguegan@dko-formation<\/p>\n","protected":false},"excerpt":{"rendered":"<p>Vous souhaitez organiser un \u00e9v\u00e9nement pour un anniversaire, une f\u00eate, un d\u00e9part \u00e0 la retraite . Vous souhaiter des id\u00e9es originales &#8230;, Faites appel \u00e0 un professionnel qui sera vous \u00e9couter, transcrire vos id\u00e9es afin de concevoir l&rsquo;\u00e9v\u00e9nement que vous attendez tant. Vous souhaitez&#8230;<\/p>\n","protected":false},"author":1,"featured_media":0,"parent":0,"menu_order":0,"comment_status":"closed","ping_status":"closed","template":"","meta":{"_monsterinsights_skip_tracking":false,"_monsterinsights_sitenote_active":false,"_monsterinsights_sitenote_note":"","_monsterinsights_sitenote_category":0},"uagb_featured_image_src":{"full":false,"thumbnail":false,"medium":false,"medium_large":false,"large":false,"1536x1536":false,"2048x2048":false,"natural-lite-featured-large":false,"natural-lite-featured-medium":false,"natural-lite-featured-small":false},"uagb_author_info":{"display_name":"admin9921","author_link":"https:\/\/www.fge-dko.com\/?author=1"},"uagb_comment_info":0,"uagb_excerpt":"Vous souhaitez organiser un \u00e9v\u00e9nement pour un anniversaire, une f\u00eate, un d\u00e9part \u00e0 la retraite . Vous souhaiter des id\u00e9es originales &#8230;, Faites appel \u00e0 un professionnel qui sera vous \u00e9couter, transcrire vos id\u00e9es afin de concevoir l&rsquo;\u00e9v\u00e9nement que vous attendez tant. Vous souhaitez...","_links":{"self":[{"href":"https:\/\/www.fge-dko.com\/index.php?rest_route=\/wp\/v2\/pages\/18"}],"collection":[{"href":"https:\/\/www.fge-dko.com\/index.php?rest_route=\/wp\/v2\/pages"}],"about":[{"href":"https:\/\/www.fge-dko.com\/index.php?rest_route=\/wp\/v2\/types\/page"}],"author":[{"embeddable":true,"href":"https:\/\/www.fge-dko.com\/index.php?rest_route=\/wp\/v2\/users\/1"}],"replies":[{"embeddable":true,"href":"https:\/\/www.fge-dko.com\/index.php?rest_route=%2Fwp%2Fv2%2Fcomments&post=18"}],"version-history":[{"count":9,"href":"https:\/\/www.fge-dko.com\/index.php?rest_route=\/wp\/v2\/pages\/18\/revisions"}],"predecessor-version":[{"id":206,"href":"https:\/\/www.fge-dko.com\/index.php?rest_route=\/wp\/v2\/pages\/18\/revisions\/206"}],"wp:attachment":[{"href":"https:\/\/www.fge-dko.com\/index.php?rest_route=%2Fwp%2Fv2%2Fmedia&parent=18"}],"curies":[{"name":"wp","href":"https:\/\/api.w.org\/{rel}","templated":true}]}}