{"id":11,"date":"2022-01-05T12:07:26","date_gmt":"2022-01-05T11:07:26","guid":{"rendered":"http:\/\/www.fge-dko.com\/?page_id=11"},"modified":"2022-07-09T11:28:39","modified_gmt":"2022-07-09T09:28:39","slug":"formation-aux-techniques-de-letalage-vitrine","status":"publish","type":"page","link":"https:\/\/www.fge-dko.com\/?page_id=11","title":{"rendered":"Formation Vitrines-Etalages"},"content":{"rendered":"\r\n<p style=\"text-align: center;\">Vous souhaitez connaitre les bases indispensables \u00e0 la construction d&rsquo;un \u00e9talage.<\/p>\r\n\r\n\r\n\r\n<p style=\"text-align: center;\">Pour cela faire un stage est la solution id\u00e9ale.<\/p>\r\n\r\n\r\n\r\n<p style=\"text-align: center;\">Ce stage peut \u00eatre soit \u00e0 l&rsquo;atelier, soit chez vous, dans votre univers.<\/p>\r\n\r\n\r\n\r\n<p style=\"text-align: center;\">Une dur\u00e9e de 2 jours minimum seront n\u00e9cessaires .<\/p>\r\n\r\n\r\n\r\n<p style=\"text-align: center;\">Les dates sont \u00e0 votre choix, suivant vos disponibilit\u00e9s.\u00a0<\/p>\r\n\r\n\r\n\r\n<figure class=\"wp-container-2 wp-block-gallery-1 wp-block-gallery has-nested-images columns-default is-cropped\">\r\n<figure class=\"wp-block-image size-large\"><img loading=\"lazy\" data-id=\"167\"  class=\"alignnone wp-image-167\" src=\"http:\/\/www.fge-dko.com\/wp-content\/uploads\/2022\/02\/IMG_5510-2-copie-1024x768.jpg\" alt=\"centre de formation \" width=\"1024\" height=\"768\" srcset=\"https:\/\/www.fge-dko.com\/wp-content\/uploads\/2022\/02\/IMG_5510-2-copie-1024x768.jpg 1024w, https:\/\/www.fge-dko.com\/wp-content\/uploads\/2022\/02\/IMG_5510-2-copie-300x225.jpg 300w, https:\/\/www.fge-dko.com\/wp-content\/uploads\/2022\/02\/IMG_5510-2-copie-768x576.jpg 768w, https:\/\/www.fge-dko.com\/wp-content\/uploads\/2022\/02\/IMG_5510-2-copie-640x480.jpg 640w, https:\/\/www.fge-dko.com\/wp-content\/uploads\/2022\/02\/IMG_5510-2-copie.jpg 1368w\" sizes=\"(max-width: 1024px) 100vw, 1024px\" \/><\/figure>\r\n\r\n\r\n\r\n<figure class=\"wp-block-image size-large\"><img loading=\"lazy\" data-id=\"168\"  class=\"alignnone wp-image-168\" src=\"http:\/\/www.fge-dko.com\/wp-content\/uploads\/2022\/02\/IMG_4012-2-copie-1024x683.jpg\" alt=\"atelier de formation\" width=\"1024\" height=\"683\" srcset=\"https:\/\/www.fge-dko.com\/wp-content\/uploads\/2022\/02\/IMG_4012-2-copie-1024x683.jpg 1024w, https:\/\/www.fge-dko.com\/wp-content\/uploads\/2022\/02\/IMG_4012-2-copie-300x200.jpg 300w, https:\/\/www.fge-dko.com\/wp-content\/uploads\/2022\/02\/IMG_4012-2-copie-768x512.jpg 768w, https:\/\/www.fge-dko.com\/wp-content\/uploads\/2022\/02\/IMG_4012-2-copie-640x427.jpg 640w, https:\/\/www.fge-dko.com\/wp-content\/uploads\/2022\/02\/IMG_4012-2-copie.jpg 1368w\" sizes=\"(max-width: 1024px) 100vw, 1024px\" \/><\/figure>\r\n\r\n\r\n\r\n<figure class=\"wp-block-image size-large\"><img loading=\"lazy\" data-id=\"169\"  class=\"alignnone wp-image-169\" src=\"http:\/\/www.fge-dko.com\/wp-content\/uploads\/2022\/02\/IMG_5624-copie-1024x683.jpg\" alt=\"atelier de formation \" width=\"1024\" height=\"683\" srcset=\"https:\/\/www.fge-dko.com\/wp-content\/uploads\/2022\/02\/IMG_5624-copie-1024x683.jpg 1024w, https:\/\/www.fge-dko.com\/wp-content\/uploads\/2022\/02\/IMG_5624-copie-300x200.jpg 300w, https:\/\/www.fge-dko.com\/wp-content\/uploads\/2022\/02\/IMG_5624-copie-768x512.jpg 768w, https:\/\/www.fge-dko.com\/wp-content\/uploads\/2022\/02\/IMG_5624-copie-640x427.jpg 640w, https:\/\/www.fge-dko.com\/wp-content\/uploads\/2022\/02\/IMG_5624-copie.jpg 1368w\" sizes=\"(max-width: 1024px) 100vw, 1024px\" \/><\/figure>\r\n\r\n\r\n\r\n<figure class=\"wp-block-image size-large\"><img loading=\"lazy\" data-id=\"170\"  class=\"alignnone wp-image-170\" src=\"http:\/\/www.fge-dko.com\/wp-content\/uploads\/2022\/02\/IMG_5655-copie-1024x683.jpg\" alt=\"atelier de formation\" width=\"1024\" height=\"683\" srcset=\"https:\/\/www.fge-dko.com\/wp-content\/uploads\/2022\/02\/IMG_5655-copie-1024x683.jpg 1024w, https:\/\/www.fge-dko.com\/wp-content\/uploads\/2022\/02\/IMG_5655-copie-300x200.jpg 300w, https:\/\/www.fge-dko.com\/wp-content\/uploads\/2022\/02\/IMG_5655-copie-768x512.jpg 768w, https:\/\/www.fge-dko.com\/wp-content\/uploads\/2022\/02\/IMG_5655-copie-640x427.jpg 640w, https:\/\/www.fge-dko.com\/wp-content\/uploads\/2022\/02\/IMG_5655-copie.jpg 1368w\" sizes=\"(max-width: 1024px) 100vw, 1024px\" \/><\/figure>\r\n\r\n<figcaption class=\"blocks-gallery-caption\"><\/figcaption>\r\n<\/figure>\r\n\r\n\r\n\r\n<figure class=\"wp-container-4 wp-block-gallery-3 wp-block-gallery has-nested-images columns-default is-cropped\">\r\n<figure class=\"wp-block-image size-large\"><img loading=\"lazy\" data-id=\"61\"  class=\"alignnone wp-image-61\" src=\"http:\/\/www.fge-dko.com\/wp-content\/uploads\/2022\/01\/stage-serre-roure-1020x1024.jpg\" alt=\"atelier de formation\" width=\"1020\" height=\"1024\" srcset=\"https:\/\/www.fge-dko.com\/wp-content\/uploads\/2022\/01\/stage-serre-roure-1020x1024.jpg 1020w, https:\/\/www.fge-dko.com\/wp-content\/uploads\/2022\/01\/stage-serre-roure-300x300.jpg 300w, https:\/\/www.fge-dko.com\/wp-content\/uploads\/2022\/01\/stage-serre-roure-150x150.jpg 150w, https:\/\/www.fge-dko.com\/wp-content\/uploads\/2022\/01\/stage-serre-roure-768x771.jpg 768w, https:\/\/www.fge-dko.com\/wp-content\/uploads\/2022\/01\/stage-serre-roure-1530x1536.jpg 1530w, https:\/\/www.fge-dko.com\/wp-content\/uploads\/2022\/01\/stage-serre-roure-637x640.jpg 637w, https:\/\/www.fge-dko.com\/wp-content\/uploads\/2022\/01\/stage-serre-roure.jpg 1757w\" sizes=\"(max-width: 1020px) 100vw, 1020px\" \/><\/figure>\r\n\r\n<figcaption class=\"blocks-gallery-caption\">La r\u00e8gle d&rsquo;or : Une r\u00e8gle indispensable \u00e0 connaitre et \u00e0 savoir maitriser dans toutes les circonstances tant qu&rsquo;en vitrine, qu&rsquo;en sc\u00e9nographie&#8230;.<\/figcaption>\r\n<\/figure>\r\n\r\n\r\n\r\n<figure class=\"wp-container-6 wp-block-gallery-5 wp-block-gallery has-nested-images columns-default is-cropped\">\r\n<figure class=\"wp-block-image size-large\"><img loading=\"lazy\" data-id=\"62\"  class=\"alignnone wp-image-62\" src=\"http:\/\/www.fge-dko.com\/wp-content\/uploads\/2022\/01\/travail-stage.jpg\" alt=\"exercice de cr\u00e9ativit\u00e9\" width=\"400\" height=\"400\" srcset=\"https:\/\/www.fge-dko.com\/wp-content\/uploads\/2022\/01\/travail-stage.jpg 400w, https:\/\/www.fge-dko.com\/wp-content\/uploads\/2022\/01\/travail-stage-300x300.jpg 300w, https:\/\/www.fge-dko.com\/wp-content\/uploads\/2022\/01\/travail-stage-150x150.jpg 150w\" sizes=\"(max-width: 400px) 100vw, 400px\" \/><\/figure>\r\n\r\n<figcaption class=\"blocks-gallery-caption\">Travail de la cr\u00e9ativit\u00e9 chez un client<\/figcaption>\r\n<\/figure>\r\n\r\n\r\n<div class=\"aligncenter wp-block-site-logo\">\n<style>\n.custom-logo {\n\theight: 103px;\n\tmax-height: 180px;\n\tmax-width: 400px;\n\twidth: 103px;\n}\n<\/style><a href=\"https:\/\/www.fge-dko.com\/\" class=\"custom-logo-link\" rel=\"home\"><img loading=\"lazy\" width=\"203\" height=\"203\" src=\"https:\/\/www.fge-dko.com\/wp-content\/uploads\/2022\/02\/cropped-Logo-fgedKO.png\" class=\"custom-logo\" alt=\"Vitrine -Evenementiel-Formation\" srcset=\"https:\/\/www.fge-dko.com\/wp-content\/uploads\/2022\/02\/cropped-Logo-fgedKO.png 158w, https:\/\/www.fge-dko.com\/wp-content\/uploads\/2022\/02\/cropped-Logo-fgedKO-150x150.png 150w\" sizes=\"(max-width: 203px) 100vw, 203px\" \/><\/a><\/div>\r\n\r\n\r\n<p class=\"has-text-align-center has-white-color has-black-background-color has-text-color has-background\" style=\"text-align: center;\">Florence GUEGAN 06 33 75 15 64 fbguegan@dko-formation.com<\/p>\r\n<p style=\"text-align: center;\"><a href=\"http:\/\/www.dko-formation.com\">Plus de renseignements \u00a0DKO Formation<\/a><\/p>\r\n","protected":false},"excerpt":{"rendered":"<p>Vous souhaitez connaitre les bases indispensables \u00e0 la construction d&rsquo;un \u00e9talage. Pour cela faire un stage est la solution id\u00e9ale. Ce stage peut \u00eatre soit \u00e0 l&rsquo;atelier, soit chez vous, dans votre univers. Une dur\u00e9e de 2 jours minimum seront n\u00e9cessaires . Les dates&#8230;<\/p>\n","protected":false},"author":1,"featured_media":0,"parent":0,"menu_order":0,"comment_status":"closed","ping_status":"closed","template":"","meta":{"_monsterinsights_skip_tracking":false,"_monsterinsights_sitenote_active":false,"_monsterinsights_sitenote_note":"","_monsterinsights_sitenote_category":0},"uagb_featured_image_src":{"full":false,"thumbnail":false,"medium":false,"medium_large":false,"large":false,"1536x1536":false,"2048x2048":false,"natural-lite-featured-large":false,"natural-lite-featured-medium":false,"natural-lite-featured-small":false},"uagb_author_info":{"display_name":"admin9921","author_link":"https:\/\/www.fge-dko.com\/?author=1"},"uagb_comment_info":0,"uagb_excerpt":"Vous souhaitez connaitre les bases indispensables \u00e0 la construction d&rsquo;un \u00e9talage. Pour cela faire un stage est la solution id\u00e9ale. Ce stage peut \u00eatre soit \u00e0 l&rsquo;atelier, soit chez vous, dans votre univers. Une dur\u00e9e de 2 jours minimum seront n\u00e9cessaires . Les dates...","_links":{"self":[{"href":"https:\/\/www.fge-dko.com\/index.php?rest_route=\/wp\/v2\/pages\/11"}],"collection":[{"href":"https:\/\/www.fge-dko.com\/index.php?rest_route=\/wp\/v2\/pages"}],"about":[{"href":"https:\/\/www.fge-dko.com\/index.php?rest_route=\/wp\/v2\/types\/page"}],"author":[{"embeddable":true,"href":"https:\/\/www.fge-dko.com\/index.php?rest_route=\/wp\/v2\/users\/1"}],"replies":[{"embeddable":true,"href":"https:\/\/www.fge-dko.com\/index.php?rest_route=%2Fwp%2Fv2%2Fcomments&post=11"}],"version-history":[{"count":15,"href":"https:\/\/www.fge-dko.com\/index.php?rest_route=\/wp\/v2\/pages\/11\/revisions"}],"predecessor-version":[{"id":281,"href":"https:\/\/www.fge-dko.com\/index.php?rest_route=\/wp\/v2\/pages\/11\/revisions\/281"}],"wp:attachment":[{"href":"https:\/\/www.fge-dko.com\/index.php?rest_route=%2Fwp%2Fv2%2Fmedia&parent=11"}],"curies":[{"name":"wp","href":"https:\/\/api.w.org\/{rel}","templated":true}]}}